{"id":115,"date":"2009-01-04T15:26:12","date_gmt":"2009-01-04T15:26:12","guid":{"rendered":"http:\/\/www.acaminhodotemplo.com\/wp\/?page_id=115"},"modified":"2009-01-04T15:29:36","modified_gmt":"2009-01-04T15:29:36","slug":"iniciacao","status":"publish","type":"page","link":"http:\/\/www.acaminhodotemplo.com\/wp\/?page_id=115","title":{"rendered":"Inicia\u00e7\u00e3o"},"content":{"rendered":"<hr size=\"1\" \/><strong>A<\/strong><\/p>\n<p><a href=\"..\/..\/..\/..\/..\/..\/forum\/index.php?topic=137.0\" target=\"_blank\">A Mente<\/a><br \/>\n<a href=\"..\/..\/..\/..\/..\/..\/forum\/index.php?topic=54.0\" target=\"_blank\">A Sant\u00edssima Trindade<\/a><br \/>\n<a href=\"..\/..\/..\/..\/..\/..\/forum\/index.php?topic=45.0\" target=\"_blank\">Autoconsci\u00eancia da Alma<\/a><br \/>\n<a href=\"..\/..\/..\/..\/..\/..\/forum\/index.php?topic=139.0\" target=\"_blank\">AUXILIO NA DESENCARNA\u00c7\u00c3O<\/a><\/p>\n<p><strong>D<\/strong><\/p>\n<p><a href=\"..\/..\/..\/..\/..\/..\/forum\/index.php?topic=106.0\" target=\"_blank\">Duas simples frases<\/a><\/p>\n<p><strong>E<\/strong><\/p>\n<p><a href=\"..\/..\/..\/..\/..\/..\/forum\/index.php?topic=64.0\" target=\"_blank\">EST\u00d3RIAS&#8230;<\/a><\/p>\n<p><strong>O<\/strong><\/p>\n<p><a href=\"..\/..\/..\/..\/..\/..\/forum\/index.php?topic=27.0\" target=\"_blank\">O Conhecimento Sagrado (Cont. II)<\/a><br \/>\n<a href=\"..\/..\/..\/..\/..\/..\/forum\/index.php?topic=38.0\" target=\"_blank\">O Conhecimento Sagrado (Cont. III)<\/a><br \/>\n<a href=\"..\/..\/..\/..\/..\/..\/forum\/index.php?topic=44.0\" target=\"_blank\">O Conhecimento Sagrado (Cont. IV)<\/a><br \/>\n<a href=\"..\/..\/..\/..\/..\/..\/forum\/index.php?topic=24.0\" target=\"_blank\">O Conhecimento Sagrado (Cont.)<\/a><\/p>\n<p><strong>P<\/strong><\/p>\n<p><a href=\"..\/..\/..\/..\/..\/..\/forum\/index.php?topic=10.0\" target=\"_blank\">Partilha de pensamentos ! (apenas isso) <\/a><br \/>\n<a href=\"..\/..\/..\/..\/..\/..\/forum\/index.php?topic=124.0\" target=\"_blank\">Pensamento<\/a><\/p>\n<p><strong>V<\/strong><\/p>\n<p><a href=\"..\/..\/..\/..\/..\/..\/forum\/index.php?topic=34.0\" target=\"_blank\">Vida e Morte<\/a><br \/>\n<a href=\"..\/..\/..\/..\/..\/..\/forum\/index.php?topic=78.0\" target=\"_blank\">VIVEKANANDA<\/a><\/p>\n<p><strong>N\u00ba total de post 15<\/strong> <img id=\"modify_button_392\" onclick=\"modify_msg('392', '9a166d47b490666160085576796bd715')\" src=\"..\/..\/..\/..\/..\/..\/forum\/Themes\/dilbermc3\/images\/icons\/modify_inline.gif\" alt=\"\" align=\"right\" \/><\/p>\n","protected":false},"excerpt":{"rendered":"<p>A A Mente A Sant\u00edssima Trindade Autoconsci\u00eancia da Alma AUXILIO NA DESENCARNA\u00c7\u00c3O D Duas simples frases E EST\u00d3RIAS&#8230; O O Conhecimento Sagrado (Cont. II) O Conhecimento Sagrado (Cont. III) O Conhecimento Sagrado (Cont. IV) O Conhecimento Sagrado (Cont.) P Partilha &hellip; <a href=\"http:\/\/www.acaminhodotemplo.com\/wp\/?page_id=115\">Continuar a ler <span class=\"meta-nav\">&rarr;<\/span><\/a><\/p>\n","protected":false},"author":1,"featured_media":0,"parent":0,"menu_order":0,"comment_status":"open","ping_status":"open","template":"","meta":[],"_links":{"self":[{"href":"http:\/\/www.acaminhodotemplo.com\/wp\/index.php?rest_route=\/wp\/v2\/pages\/115"}],"collection":[{"href":"http:\/\/www.acaminhodotemplo.com\/wp\/index.php?rest_route=\/wp\/v2\/pages"}],"about":[{"href":"http:\/\/www.acaminhodotemplo.com\/wp\/index.php?rest_route=\/wp\/v2\/types\/page"}],"author":[{"embeddable":true,"href":"http:\/\/www.acaminhodotemplo.com\/wp\/index.php?rest_route=\/wp\/v2\/users\/1"}],"replies":[{"embeddable":true,"href":"http:\/\/www.acaminhodotemplo.com\/wp\/index.php?rest_route=%2Fwp%2Fv2%2Fcomments&post=115"}],"version-history":[{"count":2,"href":"http:\/\/www.acaminhodotemplo.com\/wp\/index.php?rest_route=\/wp\/v2\/pages\/115\/revisions"}],"predecessor-version":[{"id":117,"href":"http:\/\/www.acaminhodotemplo.com\/wp\/index.php?rest_route=\/wp\/v2\/pages\/115\/revisions\/117"}],"wp:attachment":[{"href":"http:\/\/www.acaminhodotemplo.com\/wp\/index.php?rest_route=%2Fwp%2Fv2%2Fmedia&parent=115"}],"curies":[{"name":"wp","href":"https:\/\/api.w.org\/{rel}","templated":true}]}}