{"id":113,"date":"2009-01-04T15:21:15","date_gmt":"2009-01-04T15:21:15","guid":{"rendered":"http:\/\/www.acaminhodotemplo.com\/wp\/?page_id=113"},"modified":"2010-12-03T22:55:20","modified_gmt":"2010-12-03T22:55:20","slug":"a-experiencia","status":"publish","type":"page","link":"http:\/\/www.acaminhodotemplo.com\/wp\/?page_id=113","title":{"rendered":"A Experiencia"},"content":{"rendered":"<p>A<\/p>\n<li><a href=\"..\/..\/..\/..\/..\/..\/forum\/index.php?topic=3.0\" target=\"_blank\">A Verdade<\/a><\/li>\n<li><a href=\"..\/..\/..\/..\/..\/..\/forum\/index.php?topic=31.0\" target=\"_blank\">A vis\u00e3o inexperiente do meu Corpo Astral <\/a><\/li>\n<p>C<\/p>\n<li><a href=\"..\/..\/..\/..\/..\/..\/forum\/index.php?topic=36.0\" target=\"_blank\">C\u00f3digo de \u00e9tica dos \u00edndios norte-americanos<\/a><\/li>\n<p>D<\/p>\n<li><a href=\"..\/..\/..\/..\/..\/..\/forum\/index.php?topic=125.0\" target=\"_blank\">De 01 a 26 de Novembro &#8211; Pequenas experiencias<\/a><br \/>\n<a href=\"..\/..\/..\/..\/..\/..\/forum\/index.php?topic=16.0\" target=\"_blank\">Deva Premal<\/a><br \/>\n<a href=\"..\/..\/..\/..\/..\/..\/forum\/index.php?topic=103.0\" target=\"_blank\">Dia 12-09-2008 invens\u00e3o mental? ou realidade vivida? <\/a><br \/>\n<a href=\"..\/..\/..\/..\/..\/..\/forum\/index.php?topic=113.0\" target=\"_blank\">Dia 23 e 24-09-2008 &#8211; Que as l\u00e1grimas libertem tuas d\u00favidas<\/a><\/li>\n<\/ul>\n<p><strong>E<\/strong><\/p>\n<p><a href=\"..\/..\/..\/..\/..\/..\/forum\/index.php?topic=118.0\" target=\"_blank\">Edward Bach e Masaru Emoto<\/a><\/p>\n<p><strong>H<\/strong><\/p>\n<p><a href=\"..\/..\/..\/..\/..\/..\/forum\/index.php?topic=33.0\" target=\"_blank\">Humanos &#8220;Escutai o Canto da Vida&#8221;<\/a><\/p>\n<p><strong>P<\/strong><\/p>\n<p><a href=\"..\/..\/..\/..\/..\/..\/forum\/index.php?topic=140.0\" target=\"_blank\">PARA TI, IRM\u00c3O<\/a><br \/>\n<a href=\"..\/..\/..\/..\/..\/..\/forum\/index.php?topic=110.0\" target=\"_blank\">POEMA<\/a><br \/>\n<a href=\"..\/..\/..\/..\/..\/..\/forum\/index.php?topic=35.0\" target=\"_blank\">Porque sinto sempre aperto na garganta e simplesmente choro!<\/a><\/p>\n<p><strong>V<\/strong><\/p>\n<p><a href=\"..\/..\/..\/..\/..\/..\/forum\/index.php?topic=37.0\" target=\"_blank\">Visita ao blog: Vislumbres de Outra Margem<\/a><\/p>\n<p><strong>N\u00ba total de post 13<\/strong><\/p>\n","protected":false},"excerpt":{"rendered":"<p>A A Verdade A vis\u00e3o inexperiente do meu Corpo Astral C C\u00f3digo de \u00e9tica dos \u00edndios norte-americanos D De 01 a 26 de Novembro &#8211; Pequenas experiencias Deva Premal Dia 12-09-2008 invens\u00e3o mental? ou realidade vivida? Dia 23 e 24-09-2008 &hellip; <a href=\"http:\/\/www.acaminhodotemplo.com\/wp\/?page_id=113\">Continuar a ler <span class=\"meta-nav\">&rarr;<\/span><\/a><\/p>\n","protected":false},"author":1,"featured_media":0,"parent":0,"menu_order":0,"comment_status":"open","ping_status":"open","template":"","meta":[],"_links":{"self":[{"href":"http:\/\/www.acaminhodotemplo.com\/wp\/index.php?rest_route=\/wp\/v2\/pages\/113"}],"collection":[{"href":"http:\/\/www.acaminhodotemplo.com\/wp\/index.php?rest_route=\/wp\/v2\/pages"}],"about":[{"href":"http:\/\/www.acaminhodotemplo.com\/wp\/index.php?rest_route=\/wp\/v2\/types\/page"}],"author":[{"embeddable":true,"href":"http:\/\/www.acaminhodotemplo.com\/wp\/index.php?rest_route=\/wp\/v2\/users\/1"}],"replies":[{"embeddable":true,"href":"http:\/\/www.acaminhodotemplo.com\/wp\/index.php?rest_route=%2Fwp%2Fv2%2Fcomments&post=113"}],"version-history":[{"count":14,"href":"http:\/\/www.acaminhodotemplo.com\/wp\/index.php?rest_route=\/wp\/v2\/pages\/113\/revisions"}],"predecessor-version":[{"id":439,"href":"http:\/\/www.acaminhodotemplo.com\/wp\/index.php?rest_route=\/wp\/v2\/pages\/113\/revisions\/439"}],"wp:attachment":[{"href":"http:\/\/www.acaminhodotemplo.com\/wp\/index.php?rest_route=%2Fwp%2Fv2%2Fmedia&parent=113"}],"curies":[{"name":"wp","href":"https:\/\/api.w.org\/{rel}","templated":true}]}}