{"id":109,"date":"2009-01-04T15:14:53","date_gmt":"2009-01-04T15:14:53","guid":{"rendered":"http:\/\/www.acaminhodotemplo.com\/wp\/?page_id=109"},"modified":"2009-01-04T15:15:36","modified_gmt":"2009-01-04T15:15:36","slug":"tesouro-espiritual","status":"publish","type":"page","link":"http:\/\/www.acaminhodotemplo.com\/wp\/?page_id=109","title":{"rendered":"Tesouro Espiritual"},"content":{"rendered":"<hr size=\"1\" \/><strong>C<\/strong><\/p>\n<p><a href=\"..\/..\/..\/..\/..\/..\/forum\/index.php?topic=115.0\" target=\"_blank\">Caminhos para DEUS<\/a><\/p>\n<p><strong>D<\/strong><\/p>\n<p><a href=\"..\/..\/..\/..\/..\/..\/forum\/index.php?topic=28.0\" target=\"_blank\">Do Vento e do Tempo &#8230;&#8230; De N\u00f3s<\/a><\/p>\n<p><strong>O<\/strong><\/p>\n<p><a href=\"..\/..\/..\/..\/..\/..\/forum\/index.php?topic=153.0\" target=\"_blank\">O SERVI\u00c7O \u00c9 UMA OFERENDA<\/a><br \/>\n<a href=\"..\/..\/..\/..\/..\/..\/forum\/index.php?topic=86.0\" target=\"_blank\">O Tesouro Espiritual &#8211; Allan Kardec<\/a><br \/>\n<a href=\"..\/..\/..\/..\/..\/..\/forum\/index.php?topic=133.0\" target=\"_blank\">O Tesouro Espiritual (Conceitos de Mestres )<\/a><\/p>\n<p><strong>P<\/strong><\/p>\n<p><a href=\"..\/..\/..\/..\/..\/..\/forum\/index.php?topic=136.0\" target=\"_blank\">P\u00e9rolas de sabedoria<\/a><\/p>\n<p><strong>R<\/strong><\/p>\n<p><a href=\"..\/..\/..\/..\/..\/..\/forum\/index.php?topic=9.0\" target=\"_blank\">RAMAKRISHNA<\/a><\/p>\n<p><strong>N\u00ba total de post 7<\/strong><\/p>\n","protected":false},"excerpt":{"rendered":"<p>C Caminhos para DEUS D Do Vento e do Tempo &#8230;&#8230; De N\u00f3s O O SERVI\u00c7O \u00c9 UMA OFERENDA O Tesouro Espiritual &#8211; Allan Kardec O Tesouro Espiritual (Conceitos de Mestres ) P P\u00e9rolas de sabedoria R RAMAKRISHNA N\u00ba total &hellip; <a href=\"http:\/\/www.acaminhodotemplo.com\/wp\/?page_id=109\">Continuar a ler <span class=\"meta-nav\">&rarr;<\/span><\/a><\/p>\n","protected":false},"author":1,"featured_media":0,"parent":0,"menu_order":0,"comment_status":"open","ping_status":"open","template":"","meta":[],"_links":{"self":[{"href":"http:\/\/www.acaminhodotemplo.com\/wp\/index.php?rest_route=\/wp\/v2\/pages\/109"}],"collection":[{"href":"http:\/\/www.acaminhodotemplo.com\/wp\/index.php?rest_route=\/wp\/v2\/pages"}],"about":[{"href":"http:\/\/www.acaminhodotemplo.com\/wp\/index.php?rest_route=\/wp\/v2\/types\/page"}],"author":[{"embeddable":true,"href":"http:\/\/www.acaminhodotemplo.com\/wp\/index.php?rest_route=\/wp\/v2\/users\/1"}],"replies":[{"embeddable":true,"href":"http:\/\/www.acaminhodotemplo.com\/wp\/index.php?rest_route=%2Fwp%2Fv2%2Fcomments&post=109"}],"version-history":[{"count":2,"href":"http:\/\/www.acaminhodotemplo.com\/wp\/index.php?rest_route=\/wp\/v2\/pages\/109\/revisions"}],"predecessor-version":[{"id":111,"href":"http:\/\/www.acaminhodotemplo.com\/wp\/index.php?rest_route=\/wp\/v2\/pages\/109\/revisions\/111"}],"wp:attachment":[{"href":"http:\/\/www.acaminhodotemplo.com\/wp\/index.php?rest_route=%2Fwp%2Fv2%2Fmedia&parent=109"}],"curies":[{"name":"wp","href":"https:\/\/api.w.org\/{rel}","templated":true}]}}